{"id":855,"date":"2023-01-24T15:40:18","date_gmt":"2023-01-24T15:40:18","guid":{"rendered":"https:\/\/enritec.com\/technology\/"},"modified":"2023-03-21T12:51:45","modified_gmt":"2023-03-21T12:51:45","slug":"technologie","status":"publish","type":"page","link":"https:\/\/www.enritec.com\/de\/technologie\/","title":{"rendered":"Technologie"},"content":{"rendered":"","protected":false},"excerpt":{"rendered":"<p>ETC ist ein innovatives Hightech-Unternehmen und erbringt verschiedene Dienstleistungen f\u00fcr den Energie- und Industriesektor, die entwickelt wurden, um unser einer dekarbonisierten Zukunft n\u00e4her zu bringen. Wir sind weltweit f\u00fchrend bei der Suche nach neuen und innovativen Technologien, die beim Aufbau einer nachhaltigen und erneuerbaren Energieversorgung helfen k\u00f6nnen.<\/p>\n","protected":false},"author":1,"featured_media":35,"parent":0,"menu_order":0,"comment_status":"closed","ping_status":"closed","template":"","meta":{"_acf_changed":false,"footnotes":""},"class_list":["post-855","page","type-page","status-publish","has-post-thumbnail","hentry"],"acf":[],"yoast_head":"<!-- This site is optimized with the Yoast SEO plugin v23.9 - https:\/\/yoast.com\/wordpress\/plugins\/seo\/ -->\n<title>Technologie | ETC<\/title>\n<meta name=\"robots\" content=\"index, follow, max-snippet:-1, max-image-preview:large, max-video-preview:-1\" \/>\n<link rel=\"canonical\" href=\"https:\/\/www.enritec.com\/de\/technologie\/\" \/>\n<meta property=\"og:locale\" content=\"de_DE\" \/>\n<meta property=\"og:type\" content=\"article\" \/>\n<meta property=\"og:title\" content=\"Technologie | ETC\" \/>\n<meta property=\"og:description\" content=\"ETC ist ein innovatives Hightech-Unternehmen und erbringt verschiedene Dienstleistungen f\u00fcr den Energie- und Industriesektor, die entwickelt wurden, um unser einer dekarbonisierten Zukunft n\u00e4her zu bringen. Wir sind weltweit f\u00fchrend bei der Suche nach neuen und innovativen Technologien, die beim Aufbau einer nachhaltigen und erneuerbaren Energieversorgung helfen k\u00f6nnen.\" \/>\n<meta property=\"og:url\" content=\"https:\/\/www.enritec.com\/de\/technologie\/\" \/>\n<meta property=\"og:site_name\" content=\"ETC\" \/>\n<meta property=\"article:modified_time\" content=\"2023-03-21T12:51:45+00:00\" \/>\n<meta property=\"og:image\" content=\"https:\/\/www.enritec.com\/app\/uploads\/2023\/01\/image_home_banner_sustainability_technology.jpg\" \/>\n\t<meta property=\"og:image:width\" content=\"1920\" \/>\n\t<meta property=\"og:image:height\" content=\"1044\" \/>\n\t<meta property=\"og:image:type\" content=\"image\/jpeg\" \/>\n<meta name=\"twitter:card\" content=\"summary_large_image\" \/>\n<script type=\"application\/ld+json\" class=\"yoast-schema-graph\">{\"@context\":\"https:\/\/schema.org\",\"@graph\":[{\"@type\":\"WebPage\",\"@id\":\"https:\/\/www.enritec.com\/de\/technologie\/\",\"url\":\"https:\/\/www.enritec.com\/de\/technologie\/\",\"name\":\"Technologie | ETC\",\"isPartOf\":{\"@id\":\"https:\/\/www.enritec.com\/de\/#website\"},\"primaryImageOfPage\":{\"@id\":\"https:\/\/www.enritec.com\/de\/technologie\/#primaryimage\"},\"image\":{\"@id\":\"https:\/\/www.enritec.com\/de\/technologie\/#primaryimage\"},\"thumbnailUrl\":\"https:\/\/www.enritec.com\/app\/uploads\/2023\/01\/image_home_banner_sustainability_technology.jpg\",\"datePublished\":\"2023-01-24T15:40:18+00:00\",\"dateModified\":\"2023-03-21T12:51:45+00:00\",\"breadcrumb\":{\"@id\":\"https:\/\/www.enritec.com\/de\/technologie\/#breadcrumb\"},\"inLanguage\":\"de-DE\",\"potentialAction\":[{\"@type\":\"ReadAction\",\"target\":[\"https:\/\/www.enritec.com\/de\/technologie\/\"]}]},{\"@type\":\"ImageObject\",\"inLanguage\":\"de-DE\",\"@id\":\"https:\/\/www.enritec.com\/de\/technologie\/#primaryimage\",\"url\":\"https:\/\/www.enritec.com\/app\/uploads\/2023\/01\/image_home_banner_sustainability_technology.jpg\",\"contentUrl\":\"https:\/\/www.enritec.com\/app\/uploads\/2023\/01\/image_home_banner_sustainability_technology.jpg\",\"width\":1920,\"height\":1044},{\"@type\":\"BreadcrumbList\",\"@id\":\"https:\/\/www.enritec.com\/de\/technologie\/#breadcrumb\",\"itemListElement\":[{\"@type\":\"ListItem\",\"position\":1,\"name\":\"Home\",\"item\":\"https:\/\/www.enritec.com\/de\/\"},{\"@type\":\"ListItem\",\"position\":2,\"name\":\"Technologie\"}]},{\"@type\":\"WebSite\",\"@id\":\"https:\/\/www.enritec.com\/de\/#website\",\"url\":\"https:\/\/www.enritec.com\/de\/\",\"name\":\"Enrichment Technology Company\",\"description\":\"\",\"publisher\":{\"@id\":\"https:\/\/www.enritec.com\/de\/#organization\"},\"alternateName\":\"ETC\",\"potentialAction\":[{\"@type\":\"SearchAction\",\"target\":{\"@type\":\"EntryPoint\",\"urlTemplate\":\"https:\/\/www.enritec.com\/de\/?s={search_term_string}\"},\"query-input\":{\"@type\":\"PropertyValueSpecification\",\"valueRequired\":true,\"valueName\":\"search_term_string\"}}],\"inLanguage\":\"de-DE\"},{\"@type\":\"Organization\",\"@id\":\"https:\/\/www.enritec.com\/de\/#organization\",\"name\":\"Enrichment Technology Company\",\"alternateName\":\"ETC\",\"url\":\"https:\/\/www.enritec.com\/de\/\",\"logo\":{\"@type\":\"ImageObject\",\"inLanguage\":\"de-DE\",\"@id\":\"https:\/\/www.enritec.com\/de\/#\/schema\/logo\/image\/\",\"url\":\"https:\/\/enritec.com\/app\/uploads\/2023\/01\/logo.svg\",\"contentUrl\":\"https:\/\/enritec.com\/app\/uploads\/2023\/01\/logo.svg\",\"width\":211,\"height\":120,\"caption\":\"Enrichment Technology Company\"},\"image\":{\"@id\":\"https:\/\/www.enritec.com\/de\/#\/schema\/logo\/image\/\"},\"sameAs\":[\"https:\/\/www.linkedin.com\/company\/86622593\/\"]}]}<\/script>\n<!-- \/ Yoast SEO plugin. -->","yoast_head_json":{"title":"Technologie | ETC","robots":{"index":"index","follow":"follow","max-snippet":"max-snippet:-1","max-image-preview":"max-image-preview:large","max-video-preview":"max-video-preview:-1"},"canonical":"https:\/\/www.enritec.com\/de\/technologie\/","og_locale":"de_DE","og_type":"article","og_title":"Technologie | ETC","og_description":"ETC ist ein innovatives Hightech-Unternehmen und erbringt verschiedene Dienstleistungen f\u00fcr den Energie- und Industriesektor, die entwickelt wurden, um unser einer dekarbonisierten Zukunft n\u00e4her zu bringen. Wir sind weltweit f\u00fchrend bei der Suche nach neuen und innovativen Technologien, die beim Aufbau einer nachhaltigen und erneuerbaren Energieversorgung helfen k\u00f6nnen.","og_url":"https:\/\/www.enritec.com\/de\/technologie\/","og_site_name":"ETC","article_modified_time":"2023-03-21T12:51:45+00:00","og_image":[{"width":1920,"height":1044,"url":"https:\/\/www.enritec.com\/app\/uploads\/2023\/01\/image_home_banner_sustainability_technology.jpg","type":"image\/jpeg"}],"twitter_card":"summary_large_image","schema":{"@context":"https:\/\/schema.org","@graph":[{"@type":"WebPage","@id":"https:\/\/www.enritec.com\/de\/technologie\/","url":"https:\/\/www.enritec.com\/de\/technologie\/","name":"Technologie | ETC","isPartOf":{"@id":"https:\/\/www.enritec.com\/de\/#website"},"primaryImageOfPage":{"@id":"https:\/\/www.enritec.com\/de\/technologie\/#primaryimage"},"image":{"@id":"https:\/\/www.enritec.com\/de\/technologie\/#primaryimage"},"thumbnailUrl":"https:\/\/www.enritec.com\/app\/uploads\/2023\/01\/image_home_banner_sustainability_technology.jpg","datePublished":"2023-01-24T15:40:18+00:00","dateModified":"2023-03-21T12:51:45+00:00","breadcrumb":{"@id":"https:\/\/www.enritec.com\/de\/technologie\/#breadcrumb"},"inLanguage":"de-DE","potentialAction":[{"@type":"ReadAction","target":["https:\/\/www.enritec.com\/de\/technologie\/"]}]},{"@type":"ImageObject","inLanguage":"de-DE","@id":"https:\/\/www.enritec.com\/de\/technologie\/#primaryimage","url":"https:\/\/www.enritec.com\/app\/uploads\/2023\/01\/image_home_banner_sustainability_technology.jpg","contentUrl":"https:\/\/www.enritec.com\/app\/uploads\/2023\/01\/image_home_banner_sustainability_technology.jpg","width":1920,"height":1044},{"@type":"BreadcrumbList","@id":"https:\/\/www.enritec.com\/de\/technologie\/#breadcrumb","itemListElement":[{"@type":"ListItem","position":1,"name":"Home","item":"https:\/\/www.enritec.com\/de\/"},{"@type":"ListItem","position":2,"name":"Technologie"}]},{"@type":"WebSite","@id":"https:\/\/www.enritec.com\/de\/#website","url":"https:\/\/www.enritec.com\/de\/","name":"Enrichment Technology Company","description":"","publisher":{"@id":"https:\/\/www.enritec.com\/de\/#organization"},"alternateName":"ETC","potentialAction":[{"@type":"SearchAction","target":{"@type":"EntryPoint","urlTemplate":"https:\/\/www.enritec.com\/de\/?s={search_term_string}"},"query-input":{"@type":"PropertyValueSpecification","valueRequired":true,"valueName":"search_term_string"}}],"inLanguage":"de-DE"},{"@type":"Organization","@id":"https:\/\/www.enritec.com\/de\/#organization","name":"Enrichment Technology Company","alternateName":"ETC","url":"https:\/\/www.enritec.com\/de\/","logo":{"@type":"ImageObject","inLanguage":"de-DE","@id":"https:\/\/www.enritec.com\/de\/#\/schema\/logo\/image\/","url":"https:\/\/enritec.com\/app\/uploads\/2023\/01\/logo.svg","contentUrl":"https:\/\/enritec.com\/app\/uploads\/2023\/01\/logo.svg","width":211,"height":120,"caption":"Enrichment Technology Company"},"image":{"@id":"https:\/\/www.enritec.com\/de\/#\/schema\/logo\/image\/"},"sameAs":["https:\/\/www.linkedin.com\/company\/86622593\/"]}]}},"_links":{"self":[{"href":"https:\/\/www.enritec.com\/de\/wp-json\/wp\/v2\/pages\/855","targetHints":{"allow":["GET"]}}],"collection":[{"href":"https:\/\/www.enritec.com\/de\/wp-json\/wp\/v2\/pages"}],"about":[{"href":"https:\/\/www.enritec.com\/de\/wp-json\/wp\/v2\/types\/page"}],"author":[{"embeddable":true,"href":"https:\/\/www.enritec.com\/de\/wp-json\/wp\/v2\/users\/1"}],"replies":[{"embeddable":true,"href":"https:\/\/www.enritec.com\/de\/wp-json\/wp\/v2\/comments?post=855"}],"version-history":[{"count":9,"href":"https:\/\/www.enritec.com\/de\/wp-json\/wp\/v2\/pages\/855\/revisions"}],"predecessor-version":[{"id":2786,"href":"https:\/\/www.enritec.com\/de\/wp-json\/wp\/v2\/pages\/855\/revisions\/2786"}],"wp:featuredmedia":[{"embeddable":true,"href":"https:\/\/www.enritec.com\/de\/wp-json\/wp\/v2\/media\/35"}],"wp:attachment":[{"href":"https:\/\/www.enritec.com\/de\/wp-json\/wp\/v2\/media?parent=855"}],"curies":[{"name":"wp","href":"https:\/\/api.w.org\/{rel}","templated":true}]}}